{"id":3325,"date":"2023-09-12T13:06:40","date_gmt":"2023-09-12T13:06:40","guid":{"rendered":"http:\/\/archives.lab-gamerz.com\/site\/?page_id=3325"},"modified":"2023-09-18T14:50:46","modified_gmt":"2023-09-18T14:50:46","slug":"biographie","status":"publish","type":"page","link":"http:\/\/archives.lab-gamerz.com\/site\/biographie\/","title":{"rendered":"Biographies"},"content":{"rendered":"<p><strong>Elena Biserna<\/strong> est historienne de l\u2019art et commissaire. Elle \u00e9crit, donne des conf\u00e9rences, enseigne, facilite des workshops ou des projets collectifs, fait de la radio et parfois performe. Ses recherches portent sur l&rsquo;\u00e9coute, les pratiques artistiques \u00ab situ\u00e9es \u00bb et leurs relations aux dynamiques urbaines, aux processus socio-culturels, \u00e0 la sph\u00e8re publique et politique. Elle a r\u00e9cemment publi\u00e9 les livres <i>Walking from Scores<\/i> (Dijon : Les Presses du r\u00e9el, 2022) et <i>Going Out. Walking, Listening, Soundmaking<\/i> (Bruxelles : umland, 2022). Ses \u00e9crits ont paru dans des publications internationales (Les Presses du R\u00e9el, Mimesis, Le Mot et le Reste, Errant Bodies Press, Amsterdam University Press, Cambridge Scholar, Castelvecchi, Bloomsbury, Routledge etc.) et des revues sp\u00e9cialis\u00e9es. Elle co-dirige <i>wi watt&rsquo;heure<\/i> sur <i>Revue &amp; Corrig\u00e9e<\/i> avec Carole Rieussec.<\/p>\n<p>Elle a donn\u00e9 des conf\u00e9rences dans plusieurs institutions (r\u00e9cemment \u00e0 Fabrica, Treviso ; Sonic Narratives, Timisoara ; IUAV University, Venise ; KABK &amp; Institute of Sonology, La Haye ; University of Amsterdam ; Concordia University, Montr\u00e9al ; Goldsmith University, Londres ; GMEA \u2013 Centre National de Cr\u00e9ation Musicale d\u2019Albi-Tarn ; ADC-Association pour la danse, Gen\u00e8ve ; Quartz, Brest ; MAR-Museo d\u2019Arte della citt\u00e0 di Ravenna ; CND-Centre National de la Danse et INHA-Institute d\u2019histoire de l\u2019art, Paris ; MACRO Testaccio, Rome ; Universit\u00e9 de Lisbonne ; De Montfort University, Leicester ; Ga\u00eet\u00e9 Lyrique, Palais de Tokyo et EHESS, Paris).<\/p>\n<p>Elle a collabor\u00e9 avec diverses organisations en tant que curatrice et\/ou autrice et pr\u00e9sent\u00e9 ses projets dans des cadres diff\u00e9rents tels que : ar\/ge kunst (Bolzano), B\u2019sarya for Arts (Alexandrie), Errant Sound (Berlin), LUFF Festival (Lausanne), Fondation Onassis (Ath\u00e8nes), Sonic Protest (Paris), Manifesta 13, Unit\u00e9 d\u2019Habitation Le Corbusier, Librairie Imbernon et La Friche la Belle de Mai (Marseille), Oscillation festival, CIVA et Q-O2 (Bruxelles), 3bisf &#8211; centre d&rsquo;arts contemporains, Locus Sonus, Fondation Vasarely (Aix-en-Provence), soundpocket (Hong Kong), TOpot et Cona (Ljubljana), Xing, Sant&rsquo;Andrea degli Amplificatori et Radio Citt\u00e0 Fujiko (Bologne), Standards (Milan), Radio India (Rome), NUB et Museo del Novecento e del Contemporaneo di Palazzo Fabroni (Pistoia), Saout Radio, p-node radio.<\/p>\n<div><span id=\"gmail-docs-internal-guid-269ea679-7fff-eff5-6a7c-7fc9f937b524\">Elle est Docteure de recherche en \u00c9tudes audiovisuelles \u00e0 l\u2019Universit\u00e9 de Udine (Italie). Elle a enseign\u00e9 \u00e0 l&rsquo;Accademia di Belle Arti de Bologne, \u00e0 l\u2019Universit\u00e9 Aix-Marseille, \u00e0 l\u2019\u00c9cole Sup\u00e9rieure d&rsquo;Art d&rsquo;Aix-en-Provence et \u00e0 l&rsquo;Universit\u00e9 Paris 8.<\/span><\/div>\n<div><\/div>\n<p>&nbsp;<\/p>\n<p><strong>Magdeleine Groff<\/strong> est administratrice et charg\u00e9e de production entre Marseille et Aix-en-Provence. Dipl\u00f4m\u00e9e en 2020 d\u2019un Master de gestion de structures culturelles du spectacle vivant \u00e0 Angers, elle int\u00e8gre ensuite le champ des arts num\u00e9riques et des nouveaux m\u00e9dias lors d\u2019un stage dans la soci\u00e9t\u00e9 audiovisuelle Artisans d\u2019Id\u00e9es \u00e0 Marseille. En septembre 2020, elle rejoint le collectif deletere en tant qu\u2019assistante de production aux pr\u00e9mices du projet R\u00e9alit\u00e9[s], un prototype de diffusion d\u00e9di\u00e9s aux formes artistiques exp\u00e9rientielles. Depuis, elle s\u2019investit dans l\u2019association en tant charg\u00e9e de production et accompagne le d\u00e9veloppement et la diffusion des cr\u00e9ations des artistes associ\u00e9s et invit\u00e9s.<\/p>\n<p>Elle rejoint en octobre 2022 l\u2019\u00e9quipe de Lab GAMERZ au poste d\u2019administratrice o\u00f9 elle travaille en relation \u00e9troite avec les artistes et les partenaires locaux autours des projets de l\u2019association d\u00e9di\u00e9s \u00e0 la production, la diffusion et la transmission des pratiques artistiques interdisciplinaires et multim\u00e9dia. Depuis septembre 2023, elle partage la codirection de Lab GAMERZ aux c\u00f4t\u00e9s d\u2019Elena Biserna et Gr\u00e9goire Lauvin.<\/p>\n<p>&nbsp;<\/p>\n<p><strong>Gr\u00e9goire Lauvin<\/strong> a commenc\u00e9 sa pratique artistique en d\u00e9montant une voiture radio guid\u00e9e \u00e0 l\u2019\u00e2ge de 7 ans. Fascin\u00e9 par les \u00e9tranges organes \u00e9lectroniques d\u00e9couvert \u00e0 l\u2019int\u00e9rieur, et incapable de la remonter, il n\u2019a depuis eu de cesse de comprendre et ma\u00eetriser les ph\u00e9nom\u00e8nes myst\u00e9rieux qui r\u00e9gissent et animent les machines qui nous entourent.<\/p>\n<p>Touche \u00e0 tout ind\u00e9finissable, Gr\u00e9goire Lauvin poursuit la qu\u00eate de fabriquer tout ce qui lui passe par la t\u00eate\u00a0; il peut fabriquer des microphones le lundi, tailler des silex le mardi, programmer un robot le mercredi, ne rien faire le jeudi, lire des th\u00e9ories post \u2013moderne le vendredi, dessiner des machines qui ne marcherons jamais le samedi, et passer son dimanche \u00e0 chercher des \u0153ufs de dinosaures dans les montagnes de Provence.<\/p>\n<p>Sa vie professionnelle se partage entre ses activit\u00e9s au sein du Lab Gamerz, l&rsquo;enseignement en \u00e9cole d&rsquo;art et \u00e0 Aix Marseille Universit\u00e9,\u00a0 la recherche aupr\u00e8s du laboratoire Locus Sonus, la r\u00e9alisation de commandes d&rsquo;ing\u00e9nierie artistique, et sa pratique d&rsquo;artiste plasticien. Il n&rsquo;a jamais enseign\u00e9 \u00e0 l&rsquo;Ecole Sup\u00e9rieure d&rsquo;Art d&rsquo;Aix en Provence.<\/p>\n<p>Il est dipl\u00f4m\u00e9 des \u00e9coles d&rsquo;arts de Bordeaux et Aix en Provence, a \u00e9tudi\u00e9 \u00e0 The School of the Art Instistute of Chicago, et est titulaire d&rsquo;un doctorat mention \u00ab\u00a0pratique et th\u00e9orie de la cr\u00e9ation artistique et litt\u00e9raire\u00a0\u00bb.<\/p>\n","protected":false},"excerpt":{"rendered":"<p>Elena Biserna est historienne de l\u2019art et commissaire. Elle \u00e9crit, donne des conf\u00e9rences, enseigne, facilite&hellip;<\/p>\n","protected":false},"author":1,"featured_media":0,"parent":0,"menu_order":0,"comment_status":"closed","ping_status":"closed","template":"","meta":{"footnotes":""},"class_list":["post-3325","page","type-page","status-publish","hentry"],"_links":{"self":[{"href":"http:\/\/archives.lab-gamerz.com\/site\/wp-json\/wp\/v2\/pages\/3325"}],"collection":[{"href":"http:\/\/archives.lab-gamerz.com\/site\/wp-json\/wp\/v2\/pages"}],"about":[{"href":"http:\/\/archives.lab-gamerz.com\/site\/wp-json\/wp\/v2\/types\/page"}],"author":[{"embeddable":true,"href":"http:\/\/archives.lab-gamerz.com\/site\/wp-json\/wp\/v2\/users\/1"}],"replies":[{"embeddable":true,"href":"http:\/\/archives.lab-gamerz.com\/site\/wp-json\/wp\/v2\/comments?post=3325"}],"version-history":[{"count":5,"href":"http:\/\/archives.lab-gamerz.com\/site\/wp-json\/wp\/v2\/pages\/3325\/revisions"}],"predecessor-version":[{"id":3347,"href":"http:\/\/archives.lab-gamerz.com\/site\/wp-json\/wp\/v2\/pages\/3325\/revisions\/3347"}],"wp:attachment":[{"href":"http:\/\/archives.lab-gamerz.com\/site\/wp-json\/wp\/v2\/media?parent=3325"}],"curies":[{"name":"wp","href":"https:\/\/api.w.org\/{rel}","templated":true}]}}